{"id":901,"date":"2021-03-10T08:21:56","date_gmt":"2021-03-10T07:21:56","guid":{"rendered":"https:\/\/lkwpavic.de\/LKW\/?page_id=901"},"modified":"2023-11-07T09:20:09","modified_gmt":"2023-11-07T08:20:09","slug":"sattelzugmaschinen-mit-grosskran","status":"publish","type":"page","link":"https:\/\/lkwpavic.de\/LKW\/sattelzugmaschinen-mit-grosskran\/","title":{"rendered":"Sattelzugmaschinen mit Gro\u00dfkran"},"content":{"rendered":"<p><img loading=\"lazy\" class=\"product-image wp-image-2398  aligncenter\" src=\"https:\/\/lkwpavic.de\/wp-content\/uploads\/2023\/10\/IMG_1902-300x225.jpeg\" alt=\"\" width=\"559\" height=\"419\" srcset=\"https:\/\/lkwpavic.de\/wp-content\/uploads\/2023\/10\/IMG_1902-300x225.jpeg 300w, https:\/\/lkwpavic.de\/wp-content\/uploads\/2023\/10\/IMG_1902-1024x768.jpeg 1024w, https:\/\/lkwpavic.de\/wp-content\/uploads\/2023\/10\/IMG_1902-768x576.jpeg 768w, https:\/\/lkwpavic.de\/wp-content\/uploads\/2023\/10\/IMG_1902-1536x1152.jpeg 1536w, https:\/\/lkwpavic.de\/wp-content\/uploads\/2023\/10\/IMG_1902-2048x1536.jpeg 2048w\" sizes=\"(max-width: 559px) 100vw, 559px\" \/><\/p>\n<p>Bild zeigt MAN TGX 6&#215;4 Sattelzugmaschine mit Gro\u00dfkran f\u00fcr das <strong>Deutsche Rote Kreuz<\/strong><\/p>\n<p>Die Sattelzugmaschinen mit Ladekran aus dem Hause PAVIC sind genau auf die Bed\u00fcrfnisse des Unternehmers zugeschnitten.<\/p>\n<p>Somit kann man mit dem LKW nicht nur Verladet\u00e4tigkeiten erledigen, sondern auch eine Ballastpritsche oder alternativ einen Sattelauflieger transportieren.<\/p>\n<p>Ebenfalls neu im Hause PAVIC ist, dass die Sattelzugmaschine mit einer &#8222;normalen&#8220; Anh\u00e4ngerkupplung ausgestattet ist. So kann auch ein Turmdrehkran bzw. Baustellenkran oder andere Anh\u00e4nger transportiert werden.<\/p>\n<p>Unsere hochwertige und detaillierte Verarbeitungsqualit\u00e4t l\u00e4sst keine W\u00fcnsche offen.<\/p>\n<p>\u00dcberzeugen Sie sich selbst und sprechen Sie uns an.<\/p>\n<p class=\"p-quad-img\"><img loading=\"lazy\" class=\"product-quad-img1 alignnone wp-image-2464 \" src=\"https:\/\/lkwpavic.de\/wp-content\/uploads\/2023\/11\/IMG_20210409_113717-300x169.jpg\" alt=\"\" width=\"403\" height=\"227\" srcset=\"https:\/\/lkwpavic.de\/wp-content\/uploads\/2023\/11\/IMG_20210409_113717-300x169.jpg 300w, https:\/\/lkwpavic.de\/wp-content\/uploads\/2023\/11\/IMG_20210409_113717-1024x577.jpg 1024w, https:\/\/lkwpavic.de\/wp-content\/uploads\/2023\/11\/IMG_20210409_113717-768x432.jpg 768w, https:\/\/lkwpavic.de\/wp-content\/uploads\/2023\/11\/IMG_20210409_113717-1536x865.jpg 1536w, https:\/\/lkwpavic.de\/wp-content\/uploads\/2023\/11\/IMG_20210409_113717-2048x1153.jpg 2048w\" sizes=\"(max-width: 403px) 100vw, 403px\" \/> <img loading=\"lazy\" class=\"product-quad-img2 alignnone wp-image-2465 \" src=\"https:\/\/lkwpavic.de\/wp-content\/uploads\/2023\/11\/IMG_20210409_113815-300x169.jpg\" alt=\"\" width=\"405\" height=\"228\" srcset=\"https:\/\/lkwpavic.de\/wp-content\/uploads\/2023\/11\/IMG_20210409_113815-300x169.jpg 300w, https:\/\/lkwpavic.de\/wp-content\/uploads\/2023\/11\/IMG_20210409_113815-1024x577.jpg 1024w, https:\/\/lkwpavic.de\/wp-content\/uploads\/2023\/11\/IMG_20210409_113815-768x432.jpg 768w, https:\/\/lkwpavic.de\/wp-content\/uploads\/2023\/11\/IMG_20210409_113815-1536x865.jpg 1536w, https:\/\/lkwpavic.de\/wp-content\/uploads\/2023\/11\/IMG_20210409_113815-2048x1153.jpg 2048w\" sizes=\"(max-width: 405px) 100vw, 405px\" \/> <img loading=\"lazy\" class=\"product-quad-img3 alignnone wp-image-2466 \" src=\"https:\/\/lkwpavic.de\/wp-content\/uploads\/2023\/11\/IMG_20210409_113859-300x169.jpg\" alt=\"\" width=\"404\" height=\"228\" srcset=\"https:\/\/lkwpavic.de\/wp-content\/uploads\/2023\/11\/IMG_20210409_113859-300x169.jpg 300w, https:\/\/lkwpavic.de\/wp-content\/uploads\/2023\/11\/IMG_20210409_113859-1024x577.jpg 1024w, https:\/\/lkwpavic.de\/wp-content\/uploads\/2023\/11\/IMG_20210409_113859-768x432.jpg 768w, https:\/\/lkwpavic.de\/wp-content\/uploads\/2023\/11\/IMG_20210409_113859-1536x865.jpg 1536w, https:\/\/lkwpavic.de\/wp-content\/uploads\/2023\/11\/IMG_20210409_113859-2048x1153.jpg 2048w\" sizes=\"(max-width: 404px) 100vw, 404px\" \/> <img loading=\"lazy\" class=\"product-quad-img4 alignnone wp-image-2467 \" src=\"https:\/\/lkwpavic.de\/wp-content\/uploads\/2023\/11\/IMG_20210409_114208-300x169.jpg\" alt=\"\" width=\"405\" height=\"228\" srcset=\"https:\/\/lkwpavic.de\/wp-content\/uploads\/2023\/11\/IMG_20210409_114208-300x169.jpg 300w, https:\/\/lkwpavic.de\/wp-content\/uploads\/2023\/11\/IMG_20210409_114208-1024x577.jpg 1024w, https:\/\/lkwpavic.de\/wp-content\/uploads\/2023\/11\/IMG_20210409_114208-768x432.jpg 768w, https:\/\/lkwpavic.de\/wp-content\/uploads\/2023\/11\/IMG_20210409_114208-1536x865.jpg 1536w, https:\/\/lkwpavic.de\/wp-content\/uploads\/2023\/11\/IMG_20210409_114208-2048x1153.jpg 2048w\" sizes=\"(max-width: 405px) 100vw, 405px\" \/><\/p>\n","protected":false},"excerpt":{"rendered":"<p>Bild zeigt MAN TGX 6&#215;4 Sattelzugmaschine mit Gro\u00dfkran f\u00fcr das Deutsche Rote Kreuz Die Sattelzugmaschinen mit Ladekran aus dem Hause PAVIC sind genau auf die Bed\u00fcrfnisse des Unternehmers zugeschnitten. Somit kann man mit dem LKW nicht nur Verladet\u00e4tigkeiten erledigen, sondern auch eine Ballastpritsche oder alternativ einen Sattelauflieger transportieren. Ebenfalls neu im Hause PAVIC ist, dass &hellip; <\/p>\n<p class=\"link-more\"><a href=\"https:\/\/lkwpavic.de\/LKW\/sattelzugmaschinen-mit-grosskran\/\" class=\"more-link\"><span class=\"screen-reader-text\">\u201eSattelzugmaschinen mit Gro\u00dfkran\u201c<\/span> weiterlesen<\/a><\/p>\n","protected":false},"author":1,"featured_media":0,"parent":0,"menu_order":0,"comment_status":"closed","ping_status":"closed","template":"","meta":[],"aioseo_notices":[],"_links":{"self":[{"href":"https:\/\/lkwpavic.de\/LKW\/wp-json\/wp\/v2\/pages\/901"}],"collection":[{"href":"https:\/\/lkwpavic.de\/LKW\/wp-json\/wp\/v2\/pages"}],"about":[{"href":"https:\/\/lkwpavic.de\/LKW\/wp-json\/wp\/v2\/types\/page"}],"author":[{"embeddable":true,"href":"https:\/\/lkwpavic.de\/LKW\/wp-json\/wp\/v2\/users\/1"}],"replies":[{"embeddable":true,"href":"https:\/\/lkwpavic.de\/LKW\/wp-json\/wp\/v2\/comments?post=901"}],"version-history":[{"count":11,"href":"https:\/\/lkwpavic.de\/LKW\/wp-json\/wp\/v2\/pages\/901\/revisions"}],"predecessor-version":[{"id":2468,"href":"https:\/\/lkwpavic.de\/LKW\/wp-json\/wp\/v2\/pages\/901\/revisions\/2468"}],"wp:attachment":[{"href":"https:\/\/lkwpavic.de\/LKW\/wp-json\/wp\/v2\/media?parent=901"}],"curies":[{"name":"wp","href":"https:\/\/api.w.org\/{rel}","templated":true}]}}