{"id":321,"date":"2019-10-22T13:20:37","date_gmt":"2019-10-22T11:20:37","guid":{"rendered":"http:\/\/lkwpavic.de\/wordpress\/?page_id=321"},"modified":"2023-11-07T09:32:43","modified_gmt":"2023-11-07T08:32:43","slug":"baumpflege-muldenfahrzeuge","status":"publish","type":"page","link":"https:\/\/lkwpavic.de\/LKW\/baumpflege-muldenfahrzeuge\/","title":{"rendered":"Baumpflege \/ Muldenfahrzeuge"},"content":{"rendered":"\n<figure class=\"wp-block-embed is-type-video is-provider-youtube wp-block-embed-youtube wp-embed-aspect-16-9 wp-has-aspect-ratio\"><div class=\"wp-block-embed__wrapper\">\n<iframe loading=\"lazy\" title=\"LKW Pavic - Baumpflege Muldenfahrzeug Selbstfahrer ferngesteuert\" width=\"525\" height=\"295\" src=\"https:\/\/www.youtube.com\/embed\/f0Ji3XO5M3o?feature=oembed\" frameborder=\"0\" allow=\"accelerometer; autoplay; clipboard-write; encrypted-media; gyroscope; picture-in-picture; web-share\" allowfullscreen><\/iframe>\n<\/div><figcaption>LKW Pavic &#8211; Baumpflege Muldenfahrzeug Selbstfahrer ferngesteuert<\/figcaption><\/figure>\n\n\n\n<p>Pavic Holz Container Fahrzeuge sind immer die beste Wahl f\u00fcr Ihr Unternehmen. Schnelles Beladen und Entladen bei allen ihren Kunden. F\u00fcr weitere Fragen steht Ihnen unser Verkaufs-Team gerne zur Verf\u00fcgung.<\/p>\n<p><img loading=\"lazy\" class=\"alignnone wp-image-884 product-image\" src=\"https:\/\/lkwpavic.de\/wp-content\/uploads\/2021\/03\/bm8-300x225.jpg\" alt=\"Baumpflege \/ Muldenfahrzeug Volvo orange\" width=\"1500\" height=\"1125\" srcset=\"https:\/\/lkwpavic.de\/wp-content\/uploads\/2021\/03\/bm8-300x225.jpg 300w, https:\/\/lkwpavic.de\/wp-content\/uploads\/2021\/03\/bm8-1024x768.jpg 1024w, https:\/\/lkwpavic.de\/wp-content\/uploads\/2021\/03\/bm8-768x576.jpg 768w, https:\/\/lkwpavic.de\/wp-content\/uploads\/2021\/03\/bm8-1536x1152.jpg 1536w, https:\/\/lkwpavic.de\/wp-content\/uploads\/2021\/03\/bm8.jpg 2016w\" sizes=\"(max-width: 767px) 89vw, (max-width: 1000px) 54vw, (max-width: 1071px) 543px, 580px\" \/><\/p>\n<p class=\"p-quad-img\"><img loading=\"lazy\" class=\"alignnone wp-image-879 product-quad-img1\" src=\"https:\/\/lkwpavic.de\/wp-content\/uploads\/2021\/03\/bm9-300x225.jpg\" alt=\"Baumpflege \/ Muldenfahrzeuge Volvo Seitenansicht orange\" width=\"405\" height=\"304\" srcset=\"https:\/\/lkwpavic.de\/wp-content\/uploads\/2021\/03\/bm9-300x225.jpg 300w, https:\/\/lkwpavic.de\/wp-content\/uploads\/2021\/03\/bm9-1024x768.jpg 1024w, https:\/\/lkwpavic.de\/wp-content\/uploads\/2021\/03\/bm9-768x576.jpg 768w, https:\/\/lkwpavic.de\/wp-content\/uploads\/2021\/03\/bm9-1536x1152.jpg 1536w, https:\/\/lkwpavic.de\/wp-content\/uploads\/2021\/03\/bm9.jpg 2016w\" sizes=\"(max-width: 405px) 100vw, 405px\" \/> <img loading=\"lazy\" class=\"alignnone wp-image-881 product-quad-img2\" src=\"https:\/\/lkwpavic.de\/wp-content\/uploads\/2021\/03\/bm11-300x225.jpg\" alt=\"Baumpflege \/ Muldenfahrzeuge Volvo Details-1 orange\" width=\"405\" height=\"304\" srcset=\"https:\/\/lkwpavic.de\/wp-content\/uploads\/2021\/03\/bm11-300x225.jpg 300w, https:\/\/lkwpavic.de\/wp-content\/uploads\/2021\/03\/bm11-1024x768.jpg 1024w, https:\/\/lkwpavic.de\/wp-content\/uploads\/2021\/03\/bm11-768x576.jpg 768w, https:\/\/lkwpavic.de\/wp-content\/uploads\/2021\/03\/bm11-1536x1152.jpg 1536w, https:\/\/lkwpavic.de\/wp-content\/uploads\/2021\/03\/bm11.jpg 2016w\" sizes=\"(max-width: 405px) 100vw, 405px\" \/> <img loading=\"lazy\" class=\"alignnone wp-image-882 product-quad-img3\" src=\"https:\/\/lkwpavic.de\/wp-content\/uploads\/2021\/03\/bm12-300x225.jpg\" alt=\"Baumpflege \/ Muldenfahrzeuge Volvo Details-2 orange\" width=\"405\" height=\"304\" srcset=\"https:\/\/lkwpavic.de\/wp-content\/uploads\/2021\/03\/bm12-300x225.jpg 300w, https:\/\/lkwpavic.de\/wp-content\/uploads\/2021\/03\/bm12-1024x768.jpg 1024w, https:\/\/lkwpavic.de\/wp-content\/uploads\/2021\/03\/bm12-768x576.jpg 768w, https:\/\/lkwpavic.de\/wp-content\/uploads\/2021\/03\/bm12-1536x1152.jpg 1536w, https:\/\/lkwpavic.de\/wp-content\/uploads\/2021\/03\/bm12.jpg 2016w\" sizes=\"(max-width: 405px) 100vw, 405px\" \/> <img loading=\"lazy\" class=\"alignnone wp-image-883 product-quad-img4\" src=\"https:\/\/lkwpavic.de\/wp-content\/uploads\/2021\/03\/bm13-300x225.jpg\" alt=\"Baumpflege \/ Muldenfahrzeuge Volvo Details-3 orange\" width=\"405\" height=\"304\" srcset=\"https:\/\/lkwpavic.de\/wp-content\/uploads\/2021\/03\/bm13-300x225.jpg 300w, https:\/\/lkwpavic.de\/wp-content\/uploads\/2021\/03\/bm13-1024x768.jpg 1024w, https:\/\/lkwpavic.de\/wp-content\/uploads\/2021\/03\/bm13-768x576.jpg 768w, https:\/\/lkwpavic.de\/wp-content\/uploads\/2021\/03\/bm13-1536x1152.jpg 1536w, https:\/\/lkwpavic.de\/wp-content\/uploads\/2021\/03\/bm13.jpg 2016w\" sizes=\"(max-width: 405px) 100vw, 405px\" \/><\/p>\n<p><\/p>\n<p><img loading=\"lazy\" class=\"alignnone wp-image-885 product-image\" src=\"https:\/\/lkwpavic.de\/wp-content\/uploads\/2021\/03\/bm10-300x225.jpg\" alt=\"Baumpflege \/ Muldenfahrzeug Volvo hinten orange\" width=\"1500\" height=\"1125\" srcset=\"https:\/\/lkwpavic.de\/wp-content\/uploads\/2021\/03\/bm10-300x225.jpg 300w, https:\/\/lkwpavic.de\/wp-content\/uploads\/2021\/03\/bm10-1024x768.jpg 1024w, https:\/\/lkwpavic.de\/wp-content\/uploads\/2021\/03\/bm10-768x576.jpg 768w, https:\/\/lkwpavic.de\/wp-content\/uploads\/2021\/03\/bm10-1536x1152.jpg 1536w, https:\/\/lkwpavic.de\/wp-content\/uploads\/2021\/03\/bm10.jpg 2016w\" sizes=\"(max-width: 767px) 89vw, (max-width: 1000px) 54vw, (max-width: 1071px) 543px, 580px\" \/><\/p>\n\n\n\n<figure class=\"wp-block-image size-large\"><img loading=\"lazy\" width=\"1024\" height=\"768\" src=\"https:\/\/lkwpavic.de\/wp-content\/uploads\/2023\/11\/IMG_1624-1024x768.jpeg\" alt=\"\" class=\"wp-image-2469\" srcset=\"https:\/\/lkwpavic.de\/wp-content\/uploads\/2023\/11\/IMG_1624-1024x768.jpeg 1024w, https:\/\/lkwpavic.de\/wp-content\/uploads\/2023\/11\/IMG_1624-300x225.jpeg 300w, https:\/\/lkwpavic.de\/wp-content\/uploads\/2023\/11\/IMG_1624-768x576.jpeg 768w, https:\/\/lkwpavic.de\/wp-content\/uploads\/2023\/11\/IMG_1624-1536x1152.jpeg 1536w, https:\/\/lkwpavic.de\/wp-content\/uploads\/2023\/11\/IMG_1624-2048x1536.jpeg 2048w\" sizes=\"(max-width: 767px) 89vw, (max-width: 1000px) 54vw, (max-width: 1071px) 543px, 580px\" \/><\/figure>\n","protected":false},"excerpt":{"rendered":"<p>Pavic Holz Container Fahrzeuge sind immer die beste Wahl f\u00fcr Ihr Unternehmen. Schnelles Beladen und Entladen bei allen ihren Kunden. F\u00fcr weitere Fragen steht Ihnen unser Verkaufs-Team gerne zur Verf\u00fcgung.<\/p>\n","protected":false},"author":1,"featured_media":0,"parent":0,"menu_order":0,"comment_status":"closed","ping_status":"closed","template":"","meta":[],"aioseo_notices":[],"_links":{"self":[{"href":"https:\/\/lkwpavic.de\/LKW\/wp-json\/wp\/v2\/pages\/321"}],"collection":[{"href":"https:\/\/lkwpavic.de\/LKW\/wp-json\/wp\/v2\/pages"}],"about":[{"href":"https:\/\/lkwpavic.de\/LKW\/wp-json\/wp\/v2\/types\/page"}],"author":[{"embeddable":true,"href":"https:\/\/lkwpavic.de\/LKW\/wp-json\/wp\/v2\/users\/1"}],"replies":[{"embeddable":true,"href":"https:\/\/lkwpavic.de\/LKW\/wp-json\/wp\/v2\/comments?post=321"}],"version-history":[{"count":22,"href":"https:\/\/lkwpavic.de\/LKW\/wp-json\/wp\/v2\/pages\/321\/revisions"}],"predecessor-version":[{"id":2470,"href":"https:\/\/lkwpavic.de\/LKW\/wp-json\/wp\/v2\/pages\/321\/revisions\/2470"}],"wp:attachment":[{"href":"https:\/\/lkwpavic.de\/LKW\/wp-json\/wp\/v2\/media?parent=321"}],"curies":[{"name":"wp","href":"https:\/\/api.w.org\/{rel}","templated":true}]}}