{"id":290,"date":"2019-10-22T12:53:21","date_gmt":"2019-10-22T10:53:21","guid":{"rendered":"http:\/\/lkwpavic.de\/wordpress\/?page_id=290"},"modified":"2023-11-06T16:47:51","modified_gmt":"2023-11-06T15:47:51","slug":"kran-kipper-fahrzeuge","status":"publish","type":"page","link":"https:\/\/lkwpavic.de\/LKW\/kran-kipper-fahrzeuge\/","title":{"rendered":"Kran Kipper Fahrzeuge"},"content":{"rendered":"<p><img loading=\"lazy\" class=\"alignnone wp-image-960 product-image\" src=\"https:\/\/lkwpavic.de\/wp-content\/uploads\/2021\/03\/kk01-1-300x169.jpg\" alt=\"LKW Pavic - Kran Kipper Fahrzeuge MAN wei\u00df\" width=\"1500\" height=\"845\" srcset=\"https:\/\/lkwpavic.de\/wp-content\/uploads\/2021\/03\/kk01-1-300x169.jpg 300w, https:\/\/lkwpavic.de\/wp-content\/uploads\/2021\/03\/kk01-1-1024x577.jpg 1024w, https:\/\/lkwpavic.de\/wp-content\/uploads\/2021\/03\/kk01-1-768x432.jpg 768w, https:\/\/lkwpavic.de\/wp-content\/uploads\/2021\/03\/kk01-1-1536x865.jpg 1536w, https:\/\/lkwpavic.de\/wp-content\/uploads\/2021\/03\/kk01-1-2048x1153.jpg 2048w\" sizes=\"(max-width: 767px) 89vw, (max-width: 1000px) 54vw, (max-width: 1071px) 543px, 580px\" \/><br \/>Die Ladekrankipper geh\u00f6ren ebenfalls zum Komplettfahrzeugprogramm der Firma LKW\u00a0Pavic. Diese Fahrzeuge lassen keine W\u00fcnsche offen.<\/p>\n<p>Eine Marktangepasste gute Ausstattung bietet Ihrem Fahrer alles was er zur t\u00e4glichen Arbeit ben\u00f6tigt, so kann er sehr effizient und ausgewogen arbeiten. Des Weiteren verf\u00fcgen diese Fahrzeuge \u00fcber eine sehr gute Ausstattung. So ist der sp\u00e4tere Restwert, wenn der LKW einmal verkauft werden soll, auch im oberen Preisbereich wiederzufinden.<\/p>\n<p>Alle Garantie- und Gew\u00e4hrleistungsanspr\u00fcche sind Europaweit bei Ihrem NFZ-Vertrags-Partner vor Ort durchf\u00fchrbar, egal f\u00fcr welchen Hersteller Sie sich entscheiden!<\/p>\n<p><img loading=\"lazy\" class=\"alignnone wp-image-940 product-image\" src=\"https:\/\/lkwpavic.de\/wp-content\/uploads\/2021\/03\/kk01-300x225.jpg\" alt=\"LKW Pavic - Kran Kipper Fahrzeuge - Mercedes orange Front\" width=\"1500\" height=\"1125\" srcset=\"https:\/\/lkwpavic.de\/wp-content\/uploads\/2021\/03\/kk01-300x225.jpg 300w, https:\/\/lkwpavic.de\/wp-content\/uploads\/2021\/03\/kk01-1024x768.jpg 1024w, https:\/\/lkwpavic.de\/wp-content\/uploads\/2021\/03\/kk01-768x576.jpg 768w, https:\/\/lkwpavic.de\/wp-content\/uploads\/2021\/03\/kk01-1536x1152.jpg 1536w, https:\/\/lkwpavic.de\/wp-content\/uploads\/2021\/03\/kk01.jpg 2016w\" sizes=\"(max-width: 767px) 89vw, (max-width: 1000px) 54vw, (max-width: 1071px) 543px, 580px\" \/><\/p>\n<p class=\"p-quad-img\"><img loading=\"lazy\" class=\"wp-image-939 product-quad-img1 alignleft\" src=\"https:\/\/lkwpavic.de\/wp-content\/uploads\/2021\/03\/kk04-300x225.jpg\" alt=\"LKW Pavic - Kran Kipper Fahrzeuge - Mercedes orange Geb\u00e4ude\" width=\"405\" height=\"304\" srcset=\"https:\/\/lkwpavic.de\/wp-content\/uploads\/2021\/03\/kk04-300x225.jpg 300w, https:\/\/lkwpavic.de\/wp-content\/uploads\/2021\/03\/kk04-768x576.jpg 768w, https:\/\/lkwpavic.de\/wp-content\/uploads\/2021\/03\/kk04.jpg 1024w\" sizes=\"(max-width: 405px) 100vw, 405px\" \/> <img loading=\"lazy\" class=\"product-quad-img2 wp-image-2438  alignright\" src=\"https:\/\/lkwpavic.de\/wp-content\/uploads\/2023\/11\/IMG_1599-300x225.jpeg\" alt=\"\" width=\"407\" height=\"305\" srcset=\"https:\/\/lkwpavic.de\/wp-content\/uploads\/2023\/11\/IMG_1599-300x225.jpeg 300w, https:\/\/lkwpavic.de\/wp-content\/uploads\/2023\/11\/IMG_1599-1024x768.jpeg 1024w, https:\/\/lkwpavic.de\/wp-content\/uploads\/2023\/11\/IMG_1599-768x576.jpeg 768w, https:\/\/lkwpavic.de\/wp-content\/uploads\/2023\/11\/IMG_1599-1536x1152.jpeg 1536w, https:\/\/lkwpavic.de\/wp-content\/uploads\/2023\/11\/IMG_1599-2048x1536.jpeg 2048w\" sizes=\"(max-width: 407px) 100vw, 407px\" \/> <img loading=\"lazy\" class=\"wp-image-950 product-quad-img3 alignleft\" src=\"https:\/\/lkwpavic.de\/wp-content\/uploads\/2021\/03\/kk02-1-300x225.jpg\" alt=\"LKW Pavic - Kran Kipper Fahrzeuge - MAN orange vorne links\" width=\"405\" height=\"304\" srcset=\"https:\/\/lkwpavic.de\/wp-content\/uploads\/2021\/03\/kk02-1-300x225.jpg 300w, https:\/\/lkwpavic.de\/wp-content\/uploads\/2021\/03\/kk02-1-1024x768.jpg 1024w, https:\/\/lkwpavic.de\/wp-content\/uploads\/2021\/03\/kk02-1-768x576.jpg 768w, https:\/\/lkwpavic.de\/wp-content\/uploads\/2021\/03\/kk02-1-1536x1152.jpg 1536w, https:\/\/lkwpavic.de\/wp-content\/uploads\/2021\/03\/kk02-1-2048x1536.jpg 2048w\" sizes=\"(max-width: 405px) 100vw, 405px\" \/> <img loading=\"lazy\" class=\"wp-image-949 product-quad-img4 alignright\" src=\"https:\/\/lkwpavic.de\/wp-content\/uploads\/2021\/03\/kk07-1-300x225.jpg\" alt=\"LKW Pavic - Kran Kipper Fahrzeuge - MAN orange vorne rechts\" width=\"405\" height=\"304\" srcset=\"https:\/\/lkwpavic.de\/wp-content\/uploads\/2021\/03\/kk07-1-300x225.jpg 300w, https:\/\/lkwpavic.de\/wp-content\/uploads\/2021\/03\/kk07-1-1024x768.jpg 1024w, https:\/\/lkwpavic.de\/wp-content\/uploads\/2021\/03\/kk07-1-768x576.jpg 768w, https:\/\/lkwpavic.de\/wp-content\/uploads\/2021\/03\/kk07-1-1536x1152.jpg 1536w, https:\/\/lkwpavic.de\/wp-content\/uploads\/2021\/03\/kk07-1-2048x1536.jpg 2048w\" sizes=\"(max-width: 405px) 100vw, 405px\" \/><\/p>\n\n\n<p><\/p>\n","protected":false},"excerpt":{"rendered":"<p>Die Ladekrankipper geh\u00f6ren ebenfalls zum Komplettfahrzeugprogramm der Firma LKW\u00a0Pavic. Diese Fahrzeuge lassen keine W\u00fcnsche offen. Eine Marktangepasste gute Ausstattung bietet Ihrem Fahrer alles was er zur t\u00e4glichen Arbeit ben\u00f6tigt, so kann er sehr effizient und ausgewogen arbeiten. Des Weiteren verf\u00fcgen diese Fahrzeuge \u00fcber eine sehr gute Ausstattung. So ist der sp\u00e4tere Restwert, wenn der LKW &hellip; <\/p>\n<p class=\"link-more\"><a href=\"https:\/\/lkwpavic.de\/LKW\/kran-kipper-fahrzeuge\/\" class=\"more-link\"><span class=\"screen-reader-text\">\u201eKran Kipper Fahrzeuge\u201c<\/span> weiterlesen<\/a><\/p>\n","protected":false},"author":1,"featured_media":0,"parent":0,"menu_order":0,"comment_status":"closed","ping_status":"closed","template":"","meta":[],"aioseo_notices":[],"_links":{"self":[{"href":"https:\/\/lkwpavic.de\/LKW\/wp-json\/wp\/v2\/pages\/290"}],"collection":[{"href":"https:\/\/lkwpavic.de\/LKW\/wp-json\/wp\/v2\/pages"}],"about":[{"href":"https:\/\/lkwpavic.de\/LKW\/wp-json\/wp\/v2\/types\/page"}],"author":[{"embeddable":true,"href":"https:\/\/lkwpavic.de\/LKW\/wp-json\/wp\/v2\/users\/1"}],"replies":[{"embeddable":true,"href":"https:\/\/lkwpavic.de\/LKW\/wp-json\/wp\/v2\/comments?post=290"}],"version-history":[{"count":17,"href":"https:\/\/lkwpavic.de\/LKW\/wp-json\/wp\/v2\/pages\/290\/revisions"}],"predecessor-version":[{"id":2441,"href":"https:\/\/lkwpavic.de\/LKW\/wp-json\/wp\/v2\/pages\/290\/revisions\/2441"}],"wp:attachment":[{"href":"https:\/\/lkwpavic.de\/LKW\/wp-json\/wp\/v2\/media?parent=290"}],"curies":[{"name":"wp","href":"https:\/\/api.w.org\/{rel}","templated":true}]}}