{"id":271,"date":"2019-10-22T11:58:19","date_gmt":"2019-10-22T09:58:19","guid":{"rendered":"http:\/\/lkwpavic.de\/wordpress\/?page_id=271"},"modified":"2023-11-07T08:47:38","modified_gmt":"2023-11-07T07:47:38","slug":"baustofffahrzeuge","status":"publish","type":"page","link":"https:\/\/lkwpavic.de\/LKW\/baustofffahrzeuge\/","title":{"rendered":"Baustofffahrzeuge &#8211; Baustofftransport LKW Baustofftransport LKW mit Kippaufbau Container Pritsche Baustoffanh\u00e4nger"},"content":{"rendered":"<div class=\"eds-animate edsanimate-sis-hidden \" data-eds-entry-animation=\"bounceIn\" data-eds-entry-delay=\"0\" data-eds-entry-duration=\"1\" data-eds-entry-timing=\"linear\" data-eds-exit-animation=\"\" data-eds-exit-delay=\"\" data-eds-exit-duration=\"\" data-eds-exit-timing=\"\" data-eds-repeat-count=\"1\" data-eds-keep=\"yes\" data-eds-animate-on=\"scroll\" data-eds-scroll-offset=\"75\">\n<p><img loading=\"lazy\" class=\"alignnone  wp-image-157\" src=\"https:\/\/lkwpavic.de\/wordpress\/wp-content\/uploads\/2019\/10\/bausstoff2-300x122.png\" alt=\"\" width=\"145\" height=\"59\" srcset=\"https:\/\/lkwpavic.de\/wp-content\/uploads\/2019\/10\/bausstoff2-300x122.png 300w, https:\/\/lkwpavic.de\/wp-content\/uploads\/2019\/10\/bausstoff2.png 400w\" sizes=\"(max-width: 145px) 100vw, 145px\" \/> <img loading=\"lazy\" class=\"alignnone  wp-image-158\" src=\"https:\/\/lkwpavic.de\/wordpress\/wp-content\/uploads\/2019\/10\/bausstoff3-300x108.png\" alt=\"\" width=\"167\" height=\"60\" srcset=\"https:\/\/lkwpavic.de\/wp-content\/uploads\/2019\/10\/bausstoff3-300x108.png 300w, https:\/\/lkwpavic.de\/wp-content\/uploads\/2019\/10\/bausstoff3.png 400w\" sizes=\"(max-width: 167px) 100vw, 167px\" \/> <img loading=\"lazy\" class=\"alignnone  wp-image-159\" src=\"https:\/\/lkwpavic.de\/wordpress\/wp-content\/uploads\/2019\/10\/bausstoff4-300x97.png\" alt=\"\" width=\"180\" height=\"58\" srcset=\"https:\/\/lkwpavic.de\/wp-content\/uploads\/2019\/10\/bausstoff4-300x97.png 300w, https:\/\/lkwpavic.de\/wp-content\/uploads\/2019\/10\/bausstoff4.png 400w\" sizes=\"(max-width: 180px) 100vw, 180px\" \/><img loading=\"lazy\" class=\"alignnone  wp-image-156\" src=\"https:\/\/lkwpavic.de\/wp-content\/uploads\/2019\/10\/bausstoff1-300x145.png\" alt=\"\" width=\"143\" height=\"69\"><\/p>\n<\/div>\n\n\n<p><\/p>\n\n\n\n<p> Mit unseren Baustofffahrzeugen werden palettierte und unpalettierte Baustoffe transportiert und dort entladen wo Sie es gerne hin h\u00e4tten. Durch den Kranaufbau sind Sie umso flexibler beim Entladen.  Wir verwenden extrem Robuste Materialien und wissen, dass unseren Fahrzeugen in <\/br>der Praxis viel abverlangt wird. <\/p>\n\n\n\n<p>Die Plattform wird mit einem stabilen Au\u00dfen-rahmen aus Fahrzeugbauprofilen und speziel-lem Unterbau gefertigt. F\u00fcr die L\u00e4ngs- u. Quer-tr\u00e4ger wird ein hochwertiger Stahl aus QSTE-Material verwendet. Im hinteren Bereich, in H\u00f6he der Kranaufnahme sind die Diagonal-kreuze im Hilfsrahmen eingelassen; diese sind mit dem Aufnahmebock f\u00fcr den Kran zu einem Rahmenverbund verschraubt. Die Plattform kann in verschiedenen St\u00e4rken, je nach Beanspruchung gew\u00e4hlt werden, wobei der Quertr\u00e4gerabstand unter dem Bodenblech eine ma\u00dfgebliche Rolle spielt, jedoch w\u00e4hlen wir f\u00fcr jeden Stahlboden, besten Hardoxstahl, wobei wir auch gerne den finnischen Mehr-schicht-Holzboden verwenden oder auf unsere eigenen Aluminiumwerkzeuge zur\u00fcckgreifen und den bei unseren Kunden sehr beliebten Aluminiumboden verbauen. Sie k\u00f6nnen bei uns unter verschiedenen Anforderungsprofilen der Stirn als auch Seitenw\u00e4nde w\u00e4hlen, die wir je nach zu erwartender Belastung auslegen: ob aus Aluminiumprofilen in verschiedenen St\u00e4rken oder aus Hardoxstahl. Eine abschlie\u00dfbare Werkzeugkiste aus Aluminium geh\u00f6rt zum Se-rienumfang. Wir liefern Ihnen jeden Ladekran, ganz gleich welches Fabrikat oder St\u00e4rke, ob mit Paletten oder Steinzange, selbst bei der \u00d6l-f\u00fcllung und dem Filter k\u00f6nnen sie w\u00e4hlen. Damit Sie lange Freude an ihrem Aufbau haben, sind alle Bauteile nach M\u00f6glichkeit KTL-beschichtet bzw. feuerverzinkt. <\/p>\n\n\n<p class=\"p-quad-img\"><img loading=\"lazy\" class=\"product-quad-img1 alignnone wp-image-2452 \" src=\"https:\/\/lkwpavic.de\/wp-content\/uploads\/2023\/11\/IMG_2674-300x225.jpeg\" alt=\"\" width=\"401\" height=\"301\" srcset=\"https:\/\/lkwpavic.de\/wp-content\/uploads\/2023\/11\/IMG_2674-300x225.jpeg 300w, https:\/\/lkwpavic.de\/wp-content\/uploads\/2023\/11\/IMG_2674-1024x768.jpeg 1024w, https:\/\/lkwpavic.de\/wp-content\/uploads\/2023\/11\/IMG_2674-768x576.jpeg 768w, https:\/\/lkwpavic.de\/wp-content\/uploads\/2023\/11\/IMG_2674-1536x1152.jpeg 1536w, https:\/\/lkwpavic.de\/wp-content\/uploads\/2023\/11\/IMG_2674-2048x1536.jpeg 2048w\" sizes=\"(max-width: 401px) 100vw, 401px\" \/> <img loading=\"lazy\" class=\"product-quad-img2 alignnone wp-image-2453 \" src=\"https:\/\/lkwpavic.de\/wp-content\/uploads\/2023\/11\/image00001-300x225.jpeg\" alt=\"\" width=\"401\" height=\"301\" srcset=\"https:\/\/lkwpavic.de\/wp-content\/uploads\/2023\/11\/image00001-300x225.jpeg 300w, https:\/\/lkwpavic.de\/wp-content\/uploads\/2023\/11\/image00001-1024x768.jpeg 1024w, https:\/\/lkwpavic.de\/wp-content\/uploads\/2023\/11\/image00001-768x576.jpeg 768w, https:\/\/lkwpavic.de\/wp-content\/uploads\/2023\/11\/image00001-1536x1152.jpeg 1536w, https:\/\/lkwpavic.de\/wp-content\/uploads\/2023\/11\/image00001-2048x1536.jpeg 2048w\" sizes=\"(max-width: 401px) 100vw, 401px\" \/><br \/><img loading=\"lazy\" class=\"product-quad-img3 alignnone wp-image-2454 \" src=\"https:\/\/lkwpavic.de\/wp-content\/uploads\/2023\/11\/IMG_2210-300x225.jpeg\" alt=\"\" width=\"400\" height=\"300\" srcset=\"https:\/\/lkwpavic.de\/wp-content\/uploads\/2023\/11\/IMG_2210-300x225.jpeg 300w, https:\/\/lkwpavic.de\/wp-content\/uploads\/2023\/11\/IMG_2210-1024x768.jpeg 1024w, https:\/\/lkwpavic.de\/wp-content\/uploads\/2023\/11\/IMG_2210-768x576.jpeg 768w, https:\/\/lkwpavic.de\/wp-content\/uploads\/2023\/11\/IMG_2210-1536x1152.jpeg 1536w, https:\/\/lkwpavic.de\/wp-content\/uploads\/2023\/11\/IMG_2210-2048x1536.jpeg 2048w\" sizes=\"(max-width: 400px) 100vw, 400px\" \/> <img loading=\"lazy\" class=\"product-quad-img4  alignnone wp-image-2456 \" src=\"https:\/\/lkwpavic.de\/wp-content\/uploads\/2023\/11\/IMG_8722-300x225.jpg\" alt=\"\" width=\"399\" height=\"299\" srcset=\"https:\/\/lkwpavic.de\/wp-content\/uploads\/2023\/11\/IMG_8722-300x225.jpg 300w, https:\/\/lkwpavic.de\/wp-content\/uploads\/2023\/11\/IMG_8722-1024x768.jpg 1024w, https:\/\/lkwpavic.de\/wp-content\/uploads\/2023\/11\/IMG_8722-768x576.jpg 768w, https:\/\/lkwpavic.de\/wp-content\/uploads\/2023\/11\/IMG_8722-1536x1152.jpg 1536w, https:\/\/lkwpavic.de\/wp-content\/uploads\/2023\/11\/IMG_8722-2048x1536.jpg 2048w\" sizes=\"(max-width: 399px) 100vw, 399px\" \/><\/p>\n\n\n<p><\/p>\n","protected":false},"excerpt":{"rendered":"<p>Mit unseren Baustofffahrzeugen werden palettierte und unpalettierte Baustoffe transportiert und dort entladen wo Sie es gerne hin h\u00e4tten. Durch den Kranaufbau sind Sie umso flexibler beim Entladen. Wir verwenden extrem Robuste Materialien und wissen, dass unseren Fahrzeugen in der Praxis viel abverlangt wird. Die Plattform wird mit einem stabilen Au\u00dfen-rahmen aus Fahrzeugbauprofilen und speziel-lem Unterbau &hellip; <\/p>\n<p class=\"link-more\"><a href=\"https:\/\/lkwpavic.de\/LKW\/baustofffahrzeuge\/\" class=\"more-link\"><span class=\"screen-reader-text\">\u201eBaustofffahrzeuge &#8211; Baustofftransport LKW Baustofftransport LKW mit Kippaufbau Container Pritsche Baustoffanh\u00e4nger\u201c<\/span> weiterlesen<\/a><\/p>\n","protected":false},"author":1,"featured_media":0,"parent":0,"menu_order":0,"comment_status":"closed","ping_status":"closed","template":"","meta":[],"aioseo_notices":[],"_links":{"self":[{"href":"https:\/\/lkwpavic.de\/LKW\/wp-json\/wp\/v2\/pages\/271"}],"collection":[{"href":"https:\/\/lkwpavic.de\/LKW\/wp-json\/wp\/v2\/pages"}],"about":[{"href":"https:\/\/lkwpavic.de\/LKW\/wp-json\/wp\/v2\/types\/page"}],"author":[{"embeddable":true,"href":"https:\/\/lkwpavic.de\/LKW\/wp-json\/wp\/v2\/users\/1"}],"replies":[{"embeddable":true,"href":"https:\/\/lkwpavic.de\/LKW\/wp-json\/wp\/v2\/comments?post=271"}],"version-history":[{"count":17,"href":"https:\/\/lkwpavic.de\/LKW\/wp-json\/wp\/v2\/pages\/271\/revisions"}],"predecessor-version":[{"id":2457,"href":"https:\/\/lkwpavic.de\/LKW\/wp-json\/wp\/v2\/pages\/271\/revisions\/2457"}],"wp:attachment":[{"href":"https:\/\/lkwpavic.de\/LKW\/wp-json\/wp\/v2\/media?parent=271"}],"curies":[{"name":"wp","href":"https:\/\/api.w.org\/{rel}","templated":true}]}}