{"id":241,"date":"2019-10-22T10:17:01","date_gmt":"2019-10-22T08:17:01","guid":{"rendered":"http:\/\/lkwpavic.de\/wordpress\/?page_id=241"},"modified":"2023-11-06T16:56:59","modified_gmt":"2023-11-06T15:56:59","slug":"holztransporter","status":"publish","type":"page","link":"https:\/\/lkwpavic.de\/LKW\/holztransporter\/","title":{"rendered":"Holztransporter &#8211; Kurzholztransporter mit Anh\u00e4nger Langholztransporter oder Sattelschlepper"},"content":{"rendered":"\n<figure class=\"wp-block-embed is-type-video is-provider-youtube wp-block-embed-youtube wp-embed-aspect-16-9 wp-has-aspect-ratio\"><div class=\"wp-block-embed__wrapper\">\n<iframe loading=\"lazy\" title=\"LKW Pavic - Holztransporter im Einsatz\" width=\"525\" height=\"295\" src=\"https:\/\/www.youtube.com\/embed\/bztz6zr2HQk?feature=oembed\" frameborder=\"0\" allow=\"accelerometer; autoplay; clipboard-write; encrypted-media; gyroscope; picture-in-picture; web-share\" allowfullscreen><\/iframe>\n<\/div><figcaption>LKW Pavic &#8211; Holztransporter im Einsatz<\/figcaption><\/figure>\n\n\n<p>Die Holztransporter von Pavic bringen Ihr Holz sicher ans Ziel.\u00a0 Wir haben verschiedene Fahrzeuge um jedes Einsatzgebiet abdecken zu k\u00f6nnen.\u00a0 Unsere Kurzholztransporter sind ausgelegt f\u00fcr Holz bis zu einer L\u00e4nge von 6 Metern. Diese sind auch kombinierbar mit einem Anh\u00e4nger. Dadurch k\u00f6nnen Sie die doppelte Menge an Holz mit nur einer Fahrt transportieren. Somit machen Sie Ihre Arbeitsweise viel effizienter und sparen Zeit und Geld. Unsere Langholztransporter k\u00f6nnen Holz bis zu einer L\u00e4nge von 14 metern Transportieren. Durch unsere eigene Marke Optipa haben wir den Holztransport bis ins letzte Detail optimiert. Unser Schnellwechsel System ist speziell auf die hohen Anforderungen angepasst und\u00a0 schafft den Spagat zwischen h\u00f6chster Qualit\u00e4t und g\u00fcnstigen Preis. Alle unsere Lang und Kurzholztransporter k\u00f6nnen mit Optipa Schemeln und Rungen ausgestattet werden. Die interne Entwicklung unserer Fahrzeuge wird stetig weiterverfolgt und w\u00e4chst durch die Anforderungen unserer Kunden. Selbstverst\u00e4ndlich werden alle Aufbaurichtlinien der LKW Hersteller eingehalten.<\/p>\n<p>\u00a0<\/p>\n<div class=\"eds-animate edsanimate-sis-hidden \" data-eds-entry-animation=\"fadeInLeft\" data-eds-entry-delay=\"0.5\" data-eds-entry-duration=\"1\" data-eds-entry-timing=\"linear\" data-eds-exit-animation=\"\" data-eds-exit-delay=\"\" data-eds-exit-duration=\"\" data-eds-exit-timing=\"\" data-eds-repeat-count=\"1\" data-eds-keep=\"yes\" data-eds-animate-on=\"scroll\" data-eds-scroll-offset=\"75\">\n<p><img loading=\"lazy\" class=\"product-image wp-image-2442 size-medium alignright\" src=\"https:\/\/lkwpavic.de\/wp-content\/uploads\/2023\/11\/IMG_1370-300x225.jpeg\" alt=\"\" width=\"300\" height=\"225\" srcset=\"https:\/\/lkwpavic.de\/wp-content\/uploads\/2023\/11\/IMG_1370-300x225.jpeg 300w, https:\/\/lkwpavic.de\/wp-content\/uploads\/2023\/11\/IMG_1370-1024x768.jpeg 1024w, https:\/\/lkwpavic.de\/wp-content\/uploads\/2023\/11\/IMG_1370-768x576.jpeg 768w, https:\/\/lkwpavic.de\/wp-content\/uploads\/2023\/11\/IMG_1370-1536x1152.jpeg 1536w, https:\/\/lkwpavic.de\/wp-content\/uploads\/2023\/11\/IMG_1370-2048x1536.jpeg 2048w\" sizes=\"(max-width: 300px) 100vw, 300px\" \/><\/p>\n<p><span style=\"color: #ff0000;\"><strong>Kurzholztransporter<\/strong><\/span><\/p>\n<p>F\u00fcr unsere Kurzholztransporter haben wir durch jahrelange Weiterentwicklung immer st\u00e4rker an die Bed\u00fcrfnisse unserer Kunden angepasst. Viele Schemel und Rungen Variuanten k\u00f6nnen kombiniert werden. Optimal f\u00fcr Holzl\u00e4ngen von 2 bis 6 Metern.<\/p>\n<\/div>\n<div class=\"eds-animate edsanimate-sis-hidden \" data-eds-entry-animation=\"fadeInLeft\" data-eds-entry-delay=\"0.5\" data-eds-entry-duration=\"1\" data-eds-entry-timing=\"linear\" data-eds-exit-animation=\"\" data-eds-exit-delay=\"\" data-eds-exit-duration=\"\" data-eds-exit-timing=\"\" data-eds-repeat-count=\"1\" data-eds-keep=\"yes\" data-eds-animate-on=\"scroll\" data-eds-scroll-offset=\"75\">\n<p><img loading=\"lazy\" class=\"product-image wp-image-2445 size-medium alignright\" src=\"https:\/\/lkwpavic.de\/wp-content\/uploads\/2023\/11\/Anhaenger-website-300x225.jpeg\" alt=\"\" width=\"300\" height=\"225\" srcset=\"https:\/\/lkwpavic.de\/wp-content\/uploads\/2023\/11\/Anhaenger-website-300x225.jpeg 300w, https:\/\/lkwpavic.de\/wp-content\/uploads\/2023\/11\/Anhaenger-website-768x576.jpeg 768w, https:\/\/lkwpavic.de\/wp-content\/uploads\/2023\/11\/Anhaenger-website.jpeg 1024w\" sizes=\"(max-width: 300px) 100vw, 300px\" \/><\/p>\n<p><span style=\"color: #ff0000;\"><strong>Holzanh\u00e4nger<\/strong><\/span><\/p>\n<p>\u00a0<\/p>\n<p>Unsere Anh\u00e4nger machen Ihren Holztransporter noch effizienter. Diese werden bei uns als 2-Achser, 3-Achser oder als 4-Achser angeboten.<\/p>\n<p>\u00a0<\/p>\n<\/div>\n<p>\u00a0<\/p>\n<div class=\"eds-animate edsanimate-sis-hidden \" data-eds-entry-animation=\"fadeInLeft\" data-eds-entry-delay=\"0.5\" data-eds-entry-duration=\"1\" data-eds-entry-timing=\"linear\" data-eds-exit-animation=\"\" data-eds-exit-delay=\"\" data-eds-exit-duration=\"\" data-eds-exit-timing=\"\" data-eds-repeat-count=\"1\" data-eds-keep=\"yes\" data-eds-animate-on=\"scroll\" data-eds-scroll-offset=\"75\">\n<p><img loading=\"lazy\" class=\"product-image wp-image-2370 size-medium alignright\" src=\"https:\/\/lkwpavic.de\/wp-content\/uploads\/2023\/10\/oioiopioopo-300x225.jpg\" alt=\"\" width=\"300\" height=\"225\" srcset=\"https:\/\/lkwpavic.de\/wp-content\/uploads\/2023\/10\/oioiopioopo-300x225.jpg 300w, https:\/\/lkwpavic.de\/wp-content\/uploads\/2023\/10\/oioiopioopo-1024x768.jpg 1024w, https:\/\/lkwpavic.de\/wp-content\/uploads\/2023\/10\/oioiopioopo-768x576.jpg 768w, https:\/\/lkwpavic.de\/wp-content\/uploads\/2023\/10\/oioiopioopo-1536x1152.jpg 1536w, https:\/\/lkwpavic.de\/wp-content\/uploads\/2023\/10\/oioiopioopo.jpg 2000w\" sizes=\"(max-width: 300px) 100vw, 300px\" \/><\/p>\n<p><span style=\"color: #ff0000;\"><strong>Langholztransporter<\/strong><\/span><\/p>\n<p>F\u00fcr langes Holz bis zu einer L\u00e4nge von 22 Metern sind unsere Langholztransporter bestens geeignet. Robuste und gleichzeitig Gewicht einsparende Bauweise.\u00a0<\/p>\n<p>Auflieger und Zugmaschine mit Kran als Paket bei Uns Sofort Verf\u00fcgbar.<\/p>\n<\/div>\n<p>\u00a0<\/p>\n<div class=\"eds-animate edsanimate-sis-hidden \" data-eds-entry-animation=\"fadeInLeft\" data-eds-entry-delay=\"0.5\" data-eds-entry-duration=\"1\" data-eds-entry-timing=\"linear\" data-eds-exit-animation=\"\" data-eds-exit-delay=\"\" data-eds-exit-duration=\"\" data-eds-exit-timing=\"\" data-eds-repeat-count=\"1\" data-eds-keep=\"yes\" data-eds-animate-on=\"scroll\" data-eds-scroll-offset=\"75\">\n<p><img loading=\"lazy\" class=\"product-image wp-image-2447 size-medium alignright\" src=\"https:\/\/lkwpavic.de\/wp-content\/uploads\/2023\/11\/IMG_3382-300x225.jpeg\" alt=\"\" width=\"300\" height=\"225\" srcset=\"https:\/\/lkwpavic.de\/wp-content\/uploads\/2023\/11\/IMG_3382-300x225.jpeg 300w, https:\/\/lkwpavic.de\/wp-content\/uploads\/2023\/11\/IMG_3382-1024x768.jpeg 1024w, https:\/\/lkwpavic.de\/wp-content\/uploads\/2023\/11\/IMG_3382-768x576.jpeg 768w, https:\/\/lkwpavic.de\/wp-content\/uploads\/2023\/11\/IMG_3382-1536x1152.jpeg 1536w, https:\/\/lkwpavic.de\/wp-content\/uploads\/2023\/11\/IMG_3382-2048x1536.jpeg 2048w\" sizes=\"(max-width: 300px) 100vw, 300px\" \/><\/p>\n<p><span style=\"color: #ff0000;\"><strong>Sattelschlepper<\/strong><\/span><\/p>\n<p>Wir bauen Ihren Sattelschlepper genau nach Ihren W\u00fcnschen mit der h\u00f6chsten Pr\u00e4zision und Qualit\u00e4t zu einem unschlagbaren Preis.<\/p>\n<\/div>\n<p>\u00a0<\/p>\n\n\n<figure class=\"wp-block-embed is-type-video is-provider-youtube wp-block-embed-youtube wp-embed-aspect-4-3 wp-has-aspect-ratio\"><div class=\"wp-block-embed__wrapper\">\n<iframe loading=\"lazy\" title=\"OPTIPA Schnellwechsel System\" width=\"525\" height=\"394\" src=\"https:\/\/www.youtube.com\/embed\/N_rE2wotGqc?feature=oembed\" frameborder=\"0\" allow=\"accelerometer; autoplay; clipboard-write; encrypted-media; gyroscope; picture-in-picture; web-share\" allowfullscreen><\/iframe>\n<\/div><figcaption>LKW Pavic &#8211; Unser OPTIPA Schnellwechselsystem f\u00fcr Holztransporter<\/figcaption><\/figure>\n","protected":false},"excerpt":{"rendered":"<p>Die Holztransporter von Pavic bringen Ihr Holz sicher ans Ziel.\u00a0 Wir haben verschiedene Fahrzeuge um jedes Einsatzgebiet abdecken zu k\u00f6nnen.\u00a0 Unsere Kurzholztransporter sind ausgelegt f\u00fcr Holz bis zu einer L\u00e4nge von 6 Metern. Diese sind auch kombinierbar mit einem Anh\u00e4nger. Dadurch k\u00f6nnen Sie die doppelte Menge an Holz mit nur einer Fahrt transportieren. Somit machen &hellip; <\/p>\n<p class=\"link-more\"><a href=\"https:\/\/lkwpavic.de\/LKW\/holztransporter\/\" class=\"more-link\"><span class=\"screen-reader-text\">\u201eHolztransporter &#8211; Kurzholztransporter mit Anh\u00e4nger Langholztransporter oder Sattelschlepper\u201c<\/span> weiterlesen<\/a><\/p>\n","protected":false},"author":1,"featured_media":0,"parent":0,"menu_order":0,"comment_status":"closed","ping_status":"closed","template":"","meta":[],"aioseo_notices":[],"_links":{"self":[{"href":"https:\/\/lkwpavic.de\/LKW\/wp-json\/wp\/v2\/pages\/241"}],"collection":[{"href":"https:\/\/lkwpavic.de\/LKW\/wp-json\/wp\/v2\/pages"}],"about":[{"href":"https:\/\/lkwpavic.de\/LKW\/wp-json\/wp\/v2\/types\/page"}],"author":[{"embeddable":true,"href":"https:\/\/lkwpavic.de\/LKW\/wp-json\/wp\/v2\/users\/1"}],"replies":[{"embeddable":true,"href":"https:\/\/lkwpavic.de\/LKW\/wp-json\/wp\/v2\/comments?post=241"}],"version-history":[{"count":50,"href":"https:\/\/lkwpavic.de\/LKW\/wp-json\/wp\/v2\/pages\/241\/revisions"}],"predecessor-version":[{"id":2449,"href":"https:\/\/lkwpavic.de\/LKW\/wp-json\/wp\/v2\/pages\/241\/revisions\/2449"}],"wp:attachment":[{"href":"https:\/\/lkwpavic.de\/LKW\/wp-json\/wp\/v2\/media?parent=241"}],"curies":[{"name":"wp","href":"https:\/\/api.w.org\/{rel}","templated":true}]}}